{"id":78,"date":"2017-12-12T11:24:21","date_gmt":"2017-12-12T15:24:21","guid":{"rendered":"http:\/\/ayuntamiento.guineo\/transparencia\/?page_id=78"},"modified":"2026-01-29T14:09:00","modified_gmt":"2026-01-29T18:09:00","slug":"definicion-oaim-oficina-de-acceso-a-la-informacion-municipal","status":"publish","type":"page","link":"https:\/\/juntamunicipaldonjuan.gob.do\/transparencia\/definicion-oaim-oficina-de-acceso-a-la-informacion-municipal\/","title":{"rendered":"Definici\u00f3n OAIM (Oficina de Acceso a la Informaci\u00f3n Municipal)"},"content":{"rendered":"<p class=\"paragraph ng-attr-widget\">La Oficina de Libre Acceso a la Informaci\u00f3n Municipal, esta creada con la funci\u00f3n de dar respuesta a las informaciones que la ciudadan\u00eda solicite.<\/p>\n<p>Esta bajo la responsabilidad de la Se\u00f1ora Lorelin Alcantara Molina y se encuentra disponible en horario de Lunes a Viernes de 8:00am hasta 3:00pm.<\/p>\n<p class=\"paragraph ng-attr-widget\">\n<p class=\"paragraph ng-attr-widget\">\n","protected":false},"excerpt":{"rendered":"La Oficina de Libre Acceso a la Informaci\u00f3n Municipal, esta creada con la funci\u00f3n de dar respuesta a las informaciones que la ciudadan\u00eda solicite. Esta bajo la responsabilidad de la Se\u00f1ora Lorelin Alcantara Molina y se encuentra disponible en horario de Lunes a Viernes de 8:00am hasta 3:00pm.","protected":false},"author":1,"featured_media":0,"parent":0,"menu_order":0,"comment_status":"closed","ping_status":"closed","template":"","meta":[],"acf":[],"_links":{"self":[{"href":"https:\/\/juntamunicipaldonjuan.gob.do\/transparencia\/wp-json\/wp\/v2\/pages\/78"}],"collection":[{"href":"https:\/\/juntamunicipaldonjuan.gob.do\/transparencia\/wp-json\/wp\/v2\/pages"}],"about":[{"href":"https:\/\/juntamunicipaldonjuan.gob.do\/transparencia\/wp-json\/wp\/v2\/types\/page"}],"author":[{"embeddable":true,"href":"https:\/\/juntamunicipaldonjuan.gob.do\/transparencia\/wp-json\/wp\/v2\/users\/1"}],"replies":[{"embeddable":true,"href":"https:\/\/juntamunicipaldonjuan.gob.do\/transparencia\/wp-json\/wp\/v2\/comments?post=78"}],"version-history":[{"count":6,"href":"https:\/\/juntamunicipaldonjuan.gob.do\/transparencia\/wp-json\/wp\/v2\/pages\/78\/revisions"}],"predecessor-version":[{"id":1720,"href":"https:\/\/juntamunicipaldonjuan.gob.do\/transparencia\/wp-json\/wp\/v2\/pages\/78\/revisions\/1720"}],"wp:attachment":[{"href":"https:\/\/juntamunicipaldonjuan.gob.do\/transparencia\/wp-json\/wp\/v2\/media?parent=78"}],"curies":[{"name":"wp","href":"https:\/\/api.w.org\/{rel}","templated":true}]}}